{"id":10288,"date":"2022-02-04T17:16:08","date_gmt":"2022-02-04T16:16:08","guid":{"rendered":"http:\/\/nevial.pl\/?page_id=10288"},"modified":"2022-02-22T08:56:05","modified_gmt":"2022-02-22T07:56:05","slug":"pergole-zadaszenia-tarasow","status":"publish","type":"page","link":"http:\/\/nevial.pl\/index.php\/pergole-zadaszenia-tarasow\/","title":{"rendered":"Pergole &#8211; zadaszenia taras\u00f3w"},"content":{"rendered":"<p>[vc_row][vc_column width=&#8221;1\/2&#8243; el_class=&#8221;about-slider&#8221;][vc_gallery interval=&#8221;3&#8243; images=&#8221;10341,10162,10682,10680,10678,10676,10664,10660,10647,10653,10665,10674,10673,10638,10642,10620,10625,10608,10604,10610,10611&#8243; img_size=&#8221;1100*600&#8243; el_class=&#8221;about-slider&#8221;][\/vc_column][vc_column width=&#8221;1\/2&#8243; el_class=&#8221;about-content&#8221; css=&#8221;.vc_custom_1566388554468{margin-bottom: 20px !important;}&#8221;]<div class=\"shortcode-title left \"><h1 class=\"small-title\">PERGOLE \u2013 ZADASZENIA TARAS\u00d3W<\/h1><\/div>[vc_column_text css=&#8221;.vc_custom_1645515575863{margin-top: 10px !important;}&#8221;]Pergole s\u0105 \u015bwietnym rozwi\u0105zaniem dla Klient\u00f3w, kt\u00f3rzy nie chc\u0105 si\u0119 martwi\u0107 pogod\u0105 oraz mie\u0107 mo\u017cliwo\u015b\u0107 korzystania z tarasu w ka\u017cdych warunkach. Pergole NEVIAL s\u0105 produktem luksusowym, realizowanym wg indywidualnego projektu. Realizujemy ka\u017cde, najbardziej wymagaj\u0105ce projekty. Nasze zadaszenia wyr\u00f3\u017cniaj\u0105 si\u0119 niepowtarzalnym designem. Dbamy o ka\u017cdy szczeg\u00f3\u0142, aby indywidualny wygl\u0105d dostosowany by\u0142 do potrzeb nowoczesnego u\u017cytkownika. Oferujemy projekt, produkcj\u0119 oraz monta\u017c oferowanych przez nas zadasze\u0144.[\/vc_column_text][\/vc_column][\/vc_row][vc_row css=&#8221;.vc_custom_1566388649221{padding-top: 20px !important;background-position: center !important;background-repeat: no-repeat !important;background-size: cover !important;}&#8221;][vc_column]<div class=\"shortcode-title left \"><h1 class=\"normal-title\">Szczeg\u00f3\u0142y produkt\u00f3w i us\u0142ug<\/h1><\/div>[vc_row_inner][vc_column_inner width=&#8221;1\/3&#8243;]<div class=\"service hb-animate-element bottom-to-top style-2\"><div class=\"service-content style-2\"><div class=\"icon\"><i class=\"service-icon fa fa-globe no-background\" style=\"color:#bcbcbc;\"><\/i><\/div><div class=\"title service-text\"><a href=\"\" target=\"_self\">PERGOLA ZE SZKLANYM DACHEM<\/a><\/div><div class=\"service-desc\"><div class=\"description other-font\">Pergole ze szklanym dachem s\u0105 nowoczesn\u0105 alternatyw\u0105 dla ogrod\u00f3w zimowych. Szklany dach najlepiej si\u0119 sprawdza w panuj\u0105cym w naszym kraju klimacie. Ten rodzaj zadaszenia pozwala korzysta\u0107 z tarasu nawet podczas najbardziej ulewnych deszcz\u00f3w. Dodatkowo mo\u017cna zamontowa\u0107 tkaninow\u0105 rolet\u0119 dachow\u0105, kt\u00f3ra zapewni zacienienie wg indywidualnych potrzeb. Pergole mog\u0105 by\u0107 wyposa\u017cone w zamykane \u015bcianki: tkaninowe, szklane, aluminiowe czy drewniane. Konstrukcja aluminiowa mo\u017ce by\u0107 lakierowana na dowolny kolor. <\/div><\/div><\/div><\/div>[\/vc_column_inner][vc_column_inner width=&#8221;1\/3&#8243;]<div class=\"service hb-animate-element bottom-to-top style-2\"><div class=\"service-content style-2\"><div class=\"icon\"><i class=\"service-icon fa fa-comments-o no-background\" style=\"color:#bcbcbc;\"><\/i><\/div><div class=\"title service-text\"><a href=\"\" target=\"_self\">PERGOLA Z ALUMINIOWYM UCHYLNYM DACHEM<\/a><\/div><div class=\"service-desc\"><div class=\"description other-font\">Pergole z ruchomymi lamelami dachowymi s\u0105 nowoczesnym produktem coraz cz\u0119\u015bciej spotykanym w ogrodach. Pergole produkowane s\u0105 w wersji przy\u015bciennej lub wolnostoj\u0105cej. Wyposa\u017cone s\u0105 w zintegrowany system odprowadzania wody. Pergole mog\u0105 by\u0107 wyposa\u017cone w zamykane \u015bcianki: tkaninowe, szklane, aluminiowe czy drewniane. Konstrukcja aluminiowa mo\u017ce by\u0107 lakierowana na dowolny kolor.<\/div><\/div><\/div><\/div>[\/vc_column_inner][vc_column_inner width=&#8221;1\/3&#8243;]<div class=\"service hb-animate-element bottom-to-top style-2\"><div class=\"service-content style-2\"><div class=\"icon\"><i class=\"service-icon fa fa-heart-o no-background\" style=\"color:#bcbcbc;\"><\/i><\/div><div class=\"title service-text\"><a href=\"\" target=\"_self\">PERGOLA Z DACHEM TKANINOWYM<\/a><\/div><div class=\"service-desc\"><div class=\"description other-font\">Pergole tarasowe z dachem tkaninowym to doskona\u0142e rozwi\u0105zanie na taras. Dach wykonany jest z najwy\u017cszej jako\u015bci tkaniny, kt\u00f3ra stanowi ochron\u0119 przed s\u0142o\u0144cem oraz deszczem. Otwierany dach pozwala stworzy\u0107 tyle cienia, ile potrzebujemy. Pergole mog\u0105 by\u0107 wyposa\u017cone w zamykane \u015bcianki: tkaninowe, szklane, aluminiowe czy drewniane. Konstrukcja aluminiowa mo\u017ce by\u0107 lakierowana na dowolny kolor.<\/div><\/div><\/div><\/div>[\/vc_column_inner][\/vc_row_inner][vc_row_inner][vc_column_inner width=&#8221;1\/3&#8243;]<div class=\"service hb-animate-element bottom-to-top style-2\"><div class=\"service-content style-2\"><div class=\"icon\"><i class=\"service-icon fa fa-cube no-background\" style=\"color:#bcbcbc;\"><\/i><\/div><div class=\"title service-text\"><a href=\"\" target=\"_self\">POZOSTA\u0141E ZADASZENIA I DASZKI<\/a><\/div><div class=\"service-desc\"><div class=\"description other-font\">Poza pergolami i zadaszeniami taras\u00f3w oferujemy daszki oraz zadaszenia stosowane nad wej\u015bciami czy balkonami. Tego typu daszki s\u0105 konstrukcjami samono\u015bnymi montowanymi do elewacji budynku. Jako zadaszenie mo\u017cna stosowa\u0107 r\u00f3\u017cne materia\u0142y jak: poliw\u0119glan komorowy, szk\u0142o mineralne czy blach\u0119 aluminiow\u0105. Tego typu konstrukcje nadaj\u0105 atrakcyjny wygl\u0105d ka\u017cdemu wej\u015bciu do budynku. <\/div><\/div><\/div><\/div>[\/vc_column_inner][vc_column_inner width=&#8221;1\/3&#8243;]<div class=\"service hb-animate-element bottom-to-top style-2\"><div class=\"service-content style-2\"><div class=\"icon\"><i class=\"service-icon fa fa-th no-background\" style=\"color:#bcbcbc;\"><\/i><\/div><div class=\"title service-text\"><a href=\"\" target=\"_self\">AKCESORIA<\/a><\/div><div class=\"service-desc\"><div class=\"description other-font\">Ka\u017cde zadaszenie mo\u017ce zosta\u0107 wyposa\u017cone w r\u00f3\u017cne akcesoria, takie jak: o\u015bwietlenie LED, ogrzewanie na podczerwie\u0144, zewn\u0119trzne systemy audio, rolety dachowe, zamykane \u015bcianki szklane, tkaninowe lub aluminiowe. Oferujemy r\u00f3wnie\u017c system szklanych przesuwnych drzwi, kt\u00f3ry pozwoli ca\u0142kowicie zamkn\u0105\u0107 nasz\u0105 pergol\u0119, co pozwoli na korzystanie z tarasu przez wi\u0119ksz\u0105 cz\u0119\u015b\u0107 roku.<\/div><\/div><\/div><\/div>[\/vc_column_inner][vc_column_inner width=&#8221;1\/3&#8243;]<div class=\"service hb-animate-element bottom-to-top style-2\"><div class=\"service-content style-2\"><div class=\"icon\"><i class=\"service-icon fa fa-play-circle-o no-background\" style=\"color:#bcbcbc;\"><\/i><\/div><div class=\"title service-text\"><a href=\"\" target=\"_self\">MONTA\u017b<\/a><\/div><div class=\"service-desc\"><div class=\"description other-font\">Oferujemy monta\u017c naszych pergol w ca\u0142ej Europie. Nasza wykwalifikowana kadra podejmie si\u0119 ka\u017cdego zadania. Nie straszne nam zadaszenia na najwy\u017cszych kondygnacjach budynk\u00f3w. Kompleksowo pod\u0142\u0105czymy wszystkie akcesoria i przeszkolimy Klient\u00f3w z obs\u0142ugi. Zapraszamy do kontaktu. <\/div><\/div><\/div><\/div>[\/vc_column_inner][\/vc_row_inner][\/vc_column][\/vc_row]<\/p>\n","protected":false},"excerpt":{"rendered":"<p>[vc_row][vc_column width=&#8221;1\/2&#8243; el_class=&#8221;about-slider&#8221;][vc_gallery interval=&#8221;3&#8243; images=&#8221;10341,10162,10682,10680,10678,10676,10664,10660,10647,10653,10665,10674,10673,10638,10642,10620,10625,10608,10604,10610,10611&#8243; img_size=&#8221;1100*600&#8243; el_class=&#8221;about-slider&#8221;][\/vc_column][vc_column width=&#8221;1\/2&#8243; el_class=&#8221;about-content&#8221; css=&#8221;.vc_custom_1566388554468{margin-bottom: 20px !important;}&#8221;][vc_column_text css=&#8221;.vc_custom_1645515575863{margin-top: 10px !important;}&#8221;]Pergole s\u0105 \u015bwietnym rozwi\u0105zaniem dla Klient\u00f3w, kt\u00f3rzy nie chc\u0105 si\u0119 martwi\u0107 pogod\u0105 oraz mie\u0107 mo\u017cliwo\u015b\u0107 korzystania z tarasu w ka\u017cdych warunkach. Pergole NEVIAL s\u0105 produktem luksusowym, realizowanym wg indywidualnego projektu. Realizujemy ka\u017cde, najbardziej wymagaj\u0105ce projekty. Nasze zadaszenia wyr\u00f3\u017cniaj\u0105 si\u0119 niepowtarzalnym designem. [&hellip;]<\/p>\n","protected":false},"author":2,"featured_media":0,"parent":0,"menu_order":0,"comment_status":"closed","ping_status":"closed","template":"","meta":{"_monsterinsights_skip_tracking":false,"_monsterinsights_sitenote_active":false,"_monsterinsights_sitenote_note":"","_monsterinsights_sitenote_category":0,"footnotes":""},"class_list":["post-10288","page","type-page","status-publish","hentry"],"yoast_head":"<!-- This site is optimized with the Yoast SEO plugin v18.0 - https:\/\/yoast.com\/wordpress\/plugins\/seo\/ -->\n<title>Pergole - zadaszenia taras\u00f3w - Nevial<\/title>\n<meta name=\"robots\" content=\"noindex, follow, max-snippet:-1, max-image-preview:large, max-video-preview:-1\" \/>\n<meta property=\"og:locale\" content=\"pl_PL\" \/>\n<meta property=\"og:type\" content=\"article\" \/>\n<meta property=\"og:title\" content=\"Pergole - zadaszenia taras\u00f3w - Nevial\" \/>\n<meta property=\"og:description\" content=\"[vc_row][vc_column width=&#8221;1\/2&#8243; el_class=&#8221;about-slider&#8221;][vc_gallery interval=&#8221;3&#8243; images=&#8221;10341,10162,10682,10680,10678,10676,10664,10660,10647,10653,10665,10674,10673,10638,10642,10620,10625,10608,10604,10610,10611&#8243; img_size=&#8221;1100*600&#8243; el_class=&#8221;about-slider&#8221;][\/vc_column][vc_column width=&#8221;1\/2&#8243; el_class=&#8221;about-content&#8221; css=&#8221;.vc_custom_1566388554468{margin-bottom: 20px !important;}&#8221;][vc_column_text css=&#8221;.vc_custom_1645515575863{margin-top: 10px !important;}&#8221;]Pergole s\u0105 \u015bwietnym rozwi\u0105zaniem dla Klient\u00f3w, kt\u00f3rzy nie chc\u0105 si\u0119 martwi\u0107 pogod\u0105 oraz mie\u0107 mo\u017cliwo\u015b\u0107 korzystania z tarasu w ka\u017cdych warunkach. Pergole NEVIAL s\u0105 produktem luksusowym, realizowanym wg indywidualnego projektu. Realizujemy ka\u017cde, najbardziej wymagaj\u0105ce projekty. Nasze zadaszenia wyr\u00f3\u017cniaj\u0105 si\u0119 niepowtarzalnym designem. [&hellip;]\" \/>\n<meta property=\"og:url\" content=\"http:\/\/nevial.pl\/index.php\/pergole-zadaszenia-tarasow\/\" \/>\n<meta property=\"og:site_name\" content=\"Nevial\" \/>\n<meta property=\"article:modified_time\" content=\"2022-02-22T07:56:05+00:00\" \/>\n<meta name=\"twitter:card\" content=\"summary_large_image\" \/>\n<meta name=\"twitter:label1\" content=\"Szacowany czas czytania\" \/>\n\t<meta name=\"twitter:data1\" content=\"3 minuty\" \/>\n<script type=\"application\/ld+json\" class=\"yoast-schema-graph\">{\"@context\":\"https:\/\/schema.org\",\"@graph\":[{\"@type\":\"WebSite\",\"@id\":\"http:\/\/nevial.pl\/#website\",\"url\":\"http:\/\/nevial.pl\/\",\"name\":\"Nevial\",\"description\":\"Strona Nevial\",\"potentialAction\":[{\"@type\":\"SearchAction\",\"target\":{\"@type\":\"EntryPoint\",\"urlTemplate\":\"http:\/\/nevial.pl\/?s={search_term_string}\"},\"query-input\":\"required name=search_term_string\"}],\"inLanguage\":\"pl-PL\"},{\"@type\":\"WebPage\",\"@id\":\"http:\/\/nevial.pl\/index.php\/pergole-zadaszenia-tarasow\/#webpage\",\"url\":\"http:\/\/nevial.pl\/index.php\/pergole-zadaszenia-tarasow\/\",\"name\":\"Pergole - zadaszenia taras\u00f3w - Nevial\",\"isPartOf\":{\"@id\":\"http:\/\/nevial.pl\/#website\"},\"datePublished\":\"2022-02-04T16:16:08+00:00\",\"dateModified\":\"2022-02-22T07:56:05+00:00\",\"breadcrumb\":{\"@id\":\"http:\/\/nevial.pl\/index.php\/pergole-zadaszenia-tarasow\/#breadcrumb\"},\"inLanguage\":\"pl-PL\",\"potentialAction\":[{\"@type\":\"ReadAction\",\"target\":[\"http:\/\/nevial.pl\/index.php\/pergole-zadaszenia-tarasow\/\"]}]},{\"@type\":\"BreadcrumbList\",\"@id\":\"http:\/\/nevial.pl\/index.php\/pergole-zadaszenia-tarasow\/#breadcrumb\",\"itemListElement\":[{\"@type\":\"ListItem\",\"position\":1,\"name\":\"Home\",\"item\":\"http:\/\/nevial.pl\/\"},{\"@type\":\"ListItem\",\"position\":2,\"name\":\"Pergole &#8211; zadaszenia taras\u00f3w\"}]}]}<\/script>\n<!-- \/ Yoast SEO plugin. -->","yoast_head_json":{"title":"Pergole - zadaszenia taras\u00f3w - Nevial","robots":{"index":"noindex","follow":"follow","max-snippet":"max-snippet:-1","max-image-preview":"max-image-preview:large","max-video-preview":"max-video-preview:-1"},"og_locale":"pl_PL","og_type":"article","og_title":"Pergole - zadaszenia taras\u00f3w - Nevial","og_description":"[vc_row][vc_column width=&#8221;1\/2&#8243; el_class=&#8221;about-slider&#8221;][vc_gallery interval=&#8221;3&#8243; images=&#8221;10341,10162,10682,10680,10678,10676,10664,10660,10647,10653,10665,10674,10673,10638,10642,10620,10625,10608,10604,10610,10611&#8243; img_size=&#8221;1100*600&#8243; el_class=&#8221;about-slider&#8221;][\/vc_column][vc_column width=&#8221;1\/2&#8243; el_class=&#8221;about-content&#8221; css=&#8221;.vc_custom_1566388554468{margin-bottom: 20px !important;}&#8221;][vc_column_text css=&#8221;.vc_custom_1645515575863{margin-top: 10px !important;}&#8221;]Pergole s\u0105 \u015bwietnym rozwi\u0105zaniem dla Klient\u00f3w, kt\u00f3rzy nie chc\u0105 si\u0119 martwi\u0107 pogod\u0105 oraz mie\u0107 mo\u017cliwo\u015b\u0107 korzystania z tarasu w ka\u017cdych warunkach. Pergole NEVIAL s\u0105 produktem luksusowym, realizowanym wg indywidualnego projektu. Realizujemy ka\u017cde, najbardziej wymagaj\u0105ce projekty. Nasze zadaszenia wyr\u00f3\u017cniaj\u0105 si\u0119 niepowtarzalnym designem. [&hellip;]","og_url":"http:\/\/nevial.pl\/index.php\/pergole-zadaszenia-tarasow\/","og_site_name":"Nevial","article_modified_time":"2022-02-22T07:56:05+00:00","twitter_card":"summary_large_image","twitter_misc":{"Szacowany czas czytania":"3 minuty"},"schema":{"@context":"https:\/\/schema.org","@graph":[{"@type":"WebSite","@id":"http:\/\/nevial.pl\/#website","url":"http:\/\/nevial.pl\/","name":"Nevial","description":"Strona Nevial","potentialAction":[{"@type":"SearchAction","target":{"@type":"EntryPoint","urlTemplate":"http:\/\/nevial.pl\/?s={search_term_string}"},"query-input":"required name=search_term_string"}],"inLanguage":"pl-PL"},{"@type":"WebPage","@id":"http:\/\/nevial.pl\/index.php\/pergole-zadaszenia-tarasow\/#webpage","url":"http:\/\/nevial.pl\/index.php\/pergole-zadaszenia-tarasow\/","name":"Pergole - zadaszenia taras\u00f3w - Nevial","isPartOf":{"@id":"http:\/\/nevial.pl\/#website"},"datePublished":"2022-02-04T16:16:08+00:00","dateModified":"2022-02-22T07:56:05+00:00","breadcrumb":{"@id":"http:\/\/nevial.pl\/index.php\/pergole-zadaszenia-tarasow\/#breadcrumb"},"inLanguage":"pl-PL","potentialAction":[{"@type":"ReadAction","target":["http:\/\/nevial.pl\/index.php\/pergole-zadaszenia-tarasow\/"]}]},{"@type":"BreadcrumbList","@id":"http:\/\/nevial.pl\/index.php\/pergole-zadaszenia-tarasow\/#breadcrumb","itemListElement":[{"@type":"ListItem","position":1,"name":"Home","item":"http:\/\/nevial.pl\/"},{"@type":"ListItem","position":2,"name":"Pergole &#8211; zadaszenia taras\u00f3w"}]}]}},"_links":{"self":[{"href":"http:\/\/nevial.pl\/index.php\/wp-json\/wp\/v2\/pages\/10288","targetHints":{"allow":["GET"]}}],"collection":[{"href":"http:\/\/nevial.pl\/index.php\/wp-json\/wp\/v2\/pages"}],"about":[{"href":"http:\/\/nevial.pl\/index.php\/wp-json\/wp\/v2\/types\/page"}],"author":[{"embeddable":true,"href":"http:\/\/nevial.pl\/index.php\/wp-json\/wp\/v2\/users\/2"}],"replies":[{"embeddable":true,"href":"http:\/\/nevial.pl\/index.php\/wp-json\/wp\/v2\/comments?post=10288"}],"version-history":[{"count":6,"href":"http:\/\/nevial.pl\/index.php\/wp-json\/wp\/v2\/pages\/10288\/revisions"}],"predecessor-version":[{"id":10689,"href":"http:\/\/nevial.pl\/index.php\/wp-json\/wp\/v2\/pages\/10288\/revisions\/10689"}],"wp:attachment":[{"href":"http:\/\/nevial.pl\/index.php\/wp-json\/wp\/v2\/media?parent=10288"}],"curies":[{"name":"wp","href":"https:\/\/api.w.org\/{rel}","templated":true}]}}