{"id":10523,"date":"2022-02-17T13:39:06","date_gmt":"2022-02-17T12:39:06","guid":{"rendered":"http:\/\/nevial.pl\/?page_id=10523"},"modified":"2022-02-17T13:39:19","modified_gmt":"2022-02-17T12:39:19","slug":"fences","status":"publish","type":"page","link":"http:\/\/nevial.pl\/index.php\/en\/fences\/","title":{"rendered":"Fences"},"content":{"rendered":"<p>[vc_row][vc_column width=&#8221;1\/2&#8243; el_class=&#8221;about-slider&#8221;][vc_gallery interval=&#8221;3&#8243; images=&#8221;10194,10192,10165&#8243; img_size=&#8221;1100*600&#8243; el_class=&#8221;about-slider&#8221;][\/vc_column][vc_column width=&#8221;1\/2&#8243; el_class=&#8221;about-content&#8221; css=&#8221;.vc_custom_1566388554468{margin-bottom: 20px !important;}&#8221;]<div class=\"shortcode-title left \"><h1 class=\"small-title\">Lorem ipsum <\/h1><\/div>[vc_column_text css=&#8221;.vc_custom_1644067646609{margin-top: 10px !important;}&#8221;]Lorem ipsum dolor sit amet, consectetur adipiscing elit, sed do eiusmod tempor incididunt ut labore et dolore magna aliqua. Ut enim ad minim veniam, quis nostrud exercitation ullamco laboris nisi ut aliquip ex ea commodo consequat.<\/p>\n<p>Duis aute irure dolor in reprehenderit in voluptate velit esse cillum dolore eu fugiat nulla pariatur. Excepteur sint occaecat cupidatat non proident, sunt in culpa qui officia deserunt mollit anim id est laborum.[\/vc_column_text][\/vc_column][\/vc_row][vc_row css=&#8221;.vc_custom_1566388649221{padding-top: 20px !important;background-position: center !important;background-repeat: no-repeat !important;background-size: cover !important;}&#8221;][vc_column]<div class=\"shortcode-title left \"><h1 class=\"normal-title\">Szczeg\u00f3\u0142y produkt\u00f3w i us\u0142ug<\/h1><\/div>[vc_row_inner][vc_column_inner width=&#8221;1\/3&#8243;]<div class=\"service hb-animate-element bottom-to-top style-2\"><div class=\"service-content style-2\"><div class=\"icon\"><i class=\"service-icon fa fa-globe no-background\" style=\"color:#bcbcbc;\"><\/i><\/div><div class=\"title service-text\"><a href=\"\" target=\"_self\">Lorem ipsum<\/a><\/div><div class=\"service-desc\"><div class=\"description other-font\">dolor sit amet, consectetur adipiscing elit, sed do eiusmod tempor incididunt ut labore et dolore magna aliqua. Ut enim ad minim veniam, quis nostrud exercitation ullamco laboris nisi ut aliquip ex ea commodo consequat.<\/div><\/div><\/div><\/div>[\/vc_column_inner][vc_column_inner width=&#8221;1\/3&#8243;]<div class=\"service hb-animate-element bottom-to-top style-2\"><div class=\"service-content style-2\"><div class=\"icon\"><i class=\"service-icon fa fa-comments-o no-background\" style=\"color:#bcbcbc;\"><\/i><\/div><div class=\"title service-text\"><a href=\"\" target=\"_self\">Lorem ipsum<\/a><\/div><div class=\"service-desc\"><div class=\"description other-font\">Lorem ipsum dolor sit amet, consectetur adipiscing elit, sed do eiusmod tempor incididunt ut labore et dolore magna aliqua. Ut enim ad minim veniam, quis nostrud exercitation ullamco laboris nisi ut aliquip ex ea commodo consequat<\/div><\/div><\/div><\/div>[\/vc_column_inner][vc_column_inner width=&#8221;1\/3&#8243;]<div class=\"service hb-animate-element bottom-to-top style-2\"><div class=\"service-content style-2\"><div class=\"icon\"><i class=\"service-icon fa fa-heart-o no-background\" style=\"color:#bcbcbc;\"><\/i><\/div><div class=\"title service-text\"><a href=\"\" target=\"_self\">Lorem Ipsum<\/a><\/div><div class=\"service-desc\"><div class=\"description other-font\">Lorem ipsum dolor sit amet, consectetur adipiscing elit, sed do eiusmod tempor incididunt ut labore et dolore magna aliqua. Ut enim ad minim veniam, quis nostrud exercitation ullamco laboris nisi ut aliquip ex ea commodo consequat<\/div><\/div><\/div><\/div>[\/vc_column_inner][\/vc_row_inner][vc_row_inner][vc_column_inner width=&#8221;1\/3&#8243;]<div class=\"service hb-animate-element bottom-to-top style-2\"><div class=\"service-content style-2\"><div class=\"icon\"><i class=\"service-icon fa fa-cube no-background\" style=\"color:#bcbcbc;\"><\/i><\/div><div class=\"title service-text\"><a href=\"\" target=\"_self\">Lorem Ipsum<\/a><\/div><div class=\"service-desc\"><div class=\"description other-font\">Lorem ipsum dolor sit amet, consectetur adipiscing elit, sed do eiusmod tempor incididunt ut labore et dolore magna aliqua. Ut enim ad minim veniam, quis nostrud exercitation ullamco laboris nisi ut aliquip ex ea commodo consequat<\/div><\/div><\/div><\/div>[\/vc_column_inner][vc_column_inner width=&#8221;1\/3&#8243;]<div class=\"service hb-animate-element bottom-to-top style-2\"><div class=\"service-content style-2\"><div class=\"icon\"><i class=\"service-icon fa fa-th no-background\" style=\"color:#bcbcbc;\"><\/i><\/div><div class=\"title service-text\"><a href=\"\" target=\"_self\">Lorem Ipsum<\/a><\/div><div class=\"service-desc\"><div class=\"description other-font\">Lorem ipsum dolor sit amet, consectetur adipiscing elit, sed do eiusmod tempor incididunt ut labore et dolore magna aliqua. Ut enim ad minim veniam, quis nostrud exercitation ullamco laboris nisi ut aliquip ex ea commodo consequat<\/div><\/div><\/div><\/div>[\/vc_column_inner][vc_column_inner width=&#8221;1\/3&#8243;]<div class=\"service hb-animate-element bottom-to-top style-2\"><div class=\"service-content style-2\"><div class=\"icon\"><i class=\"service-icon fa fa-play-circle-o no-background\" style=\"color:#bcbcbc;\"><\/i><\/div><div class=\"title service-text\"><a href=\"\" target=\"_self\">Lorem ipsum<\/a><\/div><div class=\"service-desc\"><div class=\"description other-font\">Lorem ipsum dolor sit amet, consectetur adipiscing elit, sed do eiusmod tempor incididunt ut labore et dolore magna aliqua. Ut enim ad minim veniam, quis nostrud exercitation ullamco laboris nisi ut aliquip ex ea commodo consequat<\/div><\/div><\/div><\/div>[\/vc_column_inner][\/vc_row_inner][\/vc_column][\/vc_row][vc_row css=&#8221;.vc_custom_1548414388333{padding-top: 30px !important;padding-bottom: 30px !important;}&#8221;][vc_column]<div class=\"custom-testimonial slider\"><div id=\"1_testimonial_carousel\" class=\"testimonial-carousel\"><div class=\"item last-item\"><div class=\"product-block\"><div class=\"custom-testimonial-inner\"><div class=\"testmonial-image\"><i style=\"width:120;height:120;\" class=\"fa fa-user\"><\/i><\/div><div class=\"testmonial-text\"><div class=\"testimonial-title\"><a title=\"Weronika\" href=\"http:\/\/nevial.pl\/index.php\/testimonial\/weronika\/\" >Weronika<\/a><\/div><\/div><div class=\"testimonial-wrapper\"><div class=\"testimonial-content\"><div class=\"testimonial-top\"><blockquote><q>Ca\u0142okszta\u0142t oceniam na bardzo dobry. \u015awietna komunikacja, fachowo wykonane prace.<\/q><\/blockquote><\/div><div class=\"read-more\"><a title=\"Weronika\" href=\"http:\/\/nevial.pl\/index.php\/testimonial\/weronika\/\" >read more<\/a><\/div><\/div><\/div><\/div><\/div><\/div><div class=\"item last-item\"><div class=\"product-block\"><div class=\"custom-testimonial-inner\"><div class=\"testmonial-image\"><i style=\"width:120;height:120;\" class=\"fa fa-user\"><\/i><\/div><div class=\"testmonial-text\"><div class=\"testimonial-title\"><a title=\"Cezary\" href=\"http:\/\/nevial.pl\/index.php\/testimonial\/cezary\/\" >Cezary<\/a><\/div><\/div><div class=\"testimonial-wrapper\"><div class=\"testimonial-content\"><div class=\"testimonial-top\"><blockquote><q>Polecam firm\u0119 wszystkim tym, kt\u00f3rzy oczekuj\u0105 profesjonalizmu i szybkiej realizacji. Jestem bardzo zadowolony.<\/q><\/blockquote><\/div><div class=\"read-more\"><a title=\"Cezary\" href=\"http:\/\/nevial.pl\/index.php\/testimonial\/cezary\/\" >read more<\/a><\/div><\/div><\/div><\/div><\/div><\/div><div class=\"item last-item\"><div class=\"product-block\"><div class=\"custom-testimonial-inner\"><div class=\"testmonial-image\"><i style=\"width:120;height:120;\" class=\"fa fa-user\"><\/i><\/div><div class=\"testmonial-text\"><div class=\"testimonial-title\"><a title=\"Dorota\" href=\"http:\/\/nevial.pl\/index.php\/testimonial\/dorota\/\" >Dorota<\/a><\/div><\/div><div class=\"testimonial-wrapper\"><div class=\"testimonial-content\"><div class=\"testimonial-top\"><blockquote><q>Jestem bardzo zadowolona z obs\u0142ugi klienta, rzeczowo, uprzejmie i przede wszystkim z dba\u0142o\u015bci\u0105 o klienta. Na pewno podejmiemy jeszcze wsp\u00f3\u0142prac\u0119.<\/q><\/blockquote><\/div><div class=\"read-more\"><a title=\"Dorota\" href=\"http:\/\/nevial.pl\/index.php\/testimonial\/dorota\/\" >read more<\/a><\/div><\/div><\/div><\/div><\/div><\/div><div class=\"item last-item\"><div class=\"product-block\"><div class=\"custom-testimonial-inner\"><div class=\"testmonial-image\"><i style=\"width:120;height:120;\" class=\"fa fa-user\"><\/i><\/div><div class=\"testmonial-text\"><div class=\"testimonial-title\"><a title=\"Jakub\" href=\"http:\/\/nevial.pl\/index.php\/testimonial\/jakub\/\" >Jakub<\/a><\/div><\/div><div class=\"testimonial-wrapper\"><div class=\"testimonial-content\"><div class=\"testimonial-top\"><blockquote><q>Szybki czas realizacji, znakomity stosunek jako\u015bci do ceny. Polecam<\/q><\/blockquote><\/div><div class=\"read-more\"><a title=\"Jakub\" href=\"http:\/\/nevial.pl\/index.php\/testimonial\/jakub\/\" >read more<\/a><\/div><\/div><\/div><\/div><\/div><\/div><\/div><\/div>[\/vc_column][\/vc_row]<\/p>\n","protected":false},"excerpt":{"rendered":"<p>[vc_row][vc_column width=&#8221;1\/2&#8243; el_class=&#8221;about-slider&#8221;][vc_gallery interval=&#8221;3&#8243; images=&#8221;10194,10192,10165&#8243; img_size=&#8221;1100*600&#8243; el_class=&#8221;about-slider&#8221;][\/vc_column][vc_column width=&#8221;1\/2&#8243; el_class=&#8221;about-content&#8221; css=&#8221;.vc_custom_1566388554468{margin-bottom: 20px !important;}&#8221;][vc_column_text css=&#8221;.vc_custom_1644067646609{margin-top: 10px !important;}&#8221;]Lorem ipsum dolor sit amet, consectetur adipiscing elit, sed do eiusmod tempor incididunt ut labore et dolore magna aliqua. Ut enim ad minim veniam, quis nostrud exercitation ullamco laboris nisi ut aliquip ex ea commodo consequat. Duis aute irure dolor in [&hellip;]<\/p>\n","protected":false},"author":2,"featured_media":0,"parent":0,"menu_order":0,"comment_status":"closed","ping_status":"closed","template":"","meta":{"_monsterinsights_skip_tracking":false,"_monsterinsights_sitenote_active":false,"_monsterinsights_sitenote_note":"","_monsterinsights_sitenote_category":0,"footnotes":""},"class_list":["post-10523","page","type-page","status-publish","hentry"],"yoast_head":"<!-- This site is optimized with the Yoast SEO plugin v18.0 - https:\/\/yoast.com\/wordpress\/plugins\/seo\/ -->\n<title>Fences - Nevial<\/title>\n<meta name=\"robots\" content=\"noindex, follow, max-snippet:-1, max-image-preview:large, max-video-preview:-1\" \/>\n<meta property=\"og:locale\" content=\"pl_PL\" \/>\n<meta property=\"og:type\" content=\"article\" \/>\n<meta property=\"og:title\" content=\"Fences - Nevial\" \/>\n<meta property=\"og:description\" content=\"[vc_row][vc_column width=&#8221;1\/2&#8243; el_class=&#8221;about-slider&#8221;][vc_gallery interval=&#8221;3&#8243; images=&#8221;10194,10192,10165&#8243; img_size=&#8221;1100*600&#8243; el_class=&#8221;about-slider&#8221;][\/vc_column][vc_column width=&#8221;1\/2&#8243; el_class=&#8221;about-content&#8221; css=&#8221;.vc_custom_1566388554468{margin-bottom: 20px !important;}&#8221;][vc_column_text css=&#8221;.vc_custom_1644067646609{margin-top: 10px !important;}&#8221;]Lorem ipsum dolor sit amet, consectetur adipiscing elit, sed do eiusmod tempor incididunt ut labore et dolore magna aliqua. Ut enim ad minim veniam, quis nostrud exercitation ullamco laboris nisi ut aliquip ex ea commodo consequat. Duis aute irure dolor in [&hellip;]\" \/>\n<meta property=\"og:url\" content=\"http:\/\/nevial.pl\/index.php\/en\/fences\/\" \/>\n<meta property=\"og:site_name\" content=\"Nevial\" \/>\n<meta property=\"article:modified_time\" content=\"2022-02-17T12:39:19+00:00\" \/>\n<meta name=\"twitter:card\" content=\"summary_large_image\" \/>\n<script type=\"application\/ld+json\" class=\"yoast-schema-graph\">{\"@context\":\"https:\/\/schema.org\",\"@graph\":[{\"@type\":\"WebSite\",\"@id\":\"http:\/\/nevial.pl\/#website\",\"url\":\"http:\/\/nevial.pl\/\",\"name\":\"Nevial\",\"description\":\"Strona Nevial\",\"potentialAction\":[{\"@type\":\"SearchAction\",\"target\":{\"@type\":\"EntryPoint\",\"urlTemplate\":\"http:\/\/nevial.pl\/?s={search_term_string}\"},\"query-input\":\"required name=search_term_string\"}],\"inLanguage\":\"pl-PL\"},{\"@type\":\"WebPage\",\"@id\":\"http:\/\/nevial.pl\/index.php\/en\/fences\/#webpage\",\"url\":\"http:\/\/nevial.pl\/index.php\/en\/fences\/\",\"name\":\"Fences - Nevial\",\"isPartOf\":{\"@id\":\"http:\/\/nevial.pl\/#website\"},\"datePublished\":\"2022-02-17T12:39:06+00:00\",\"dateModified\":\"2022-02-17T12:39:19+00:00\",\"breadcrumb\":{\"@id\":\"http:\/\/nevial.pl\/index.php\/en\/fences\/#breadcrumb\"},\"inLanguage\":\"pl-PL\",\"potentialAction\":[{\"@type\":\"ReadAction\",\"target\":[\"http:\/\/nevial.pl\/index.php\/en\/fences\/\"]}]},{\"@type\":\"BreadcrumbList\",\"@id\":\"http:\/\/nevial.pl\/index.php\/en\/fences\/#breadcrumb\",\"itemListElement\":[{\"@type\":\"ListItem\",\"position\":1,\"name\":\"Home\",\"item\":\"http:\/\/nevial.pl\/\"},{\"@type\":\"ListItem\",\"position\":2,\"name\":\"Fences\"}]}]}<\/script>\n<!-- \/ Yoast SEO plugin. -->","yoast_head_json":{"title":"Fences - Nevial","robots":{"index":"noindex","follow":"follow","max-snippet":"max-snippet:-1","max-image-preview":"max-image-preview:large","max-video-preview":"max-video-preview:-1"},"og_locale":"pl_PL","og_type":"article","og_title":"Fences - Nevial","og_description":"[vc_row][vc_column width=&#8221;1\/2&#8243; el_class=&#8221;about-slider&#8221;][vc_gallery interval=&#8221;3&#8243; images=&#8221;10194,10192,10165&#8243; img_size=&#8221;1100*600&#8243; el_class=&#8221;about-slider&#8221;][\/vc_column][vc_column width=&#8221;1\/2&#8243; el_class=&#8221;about-content&#8221; css=&#8221;.vc_custom_1566388554468{margin-bottom: 20px !important;}&#8221;][vc_column_text css=&#8221;.vc_custom_1644067646609{margin-top: 10px !important;}&#8221;]Lorem ipsum dolor sit amet, consectetur adipiscing elit, sed do eiusmod tempor incididunt ut labore et dolore magna aliqua. Ut enim ad minim veniam, quis nostrud exercitation ullamco laboris nisi ut aliquip ex ea commodo consequat. Duis aute irure dolor in [&hellip;]","og_url":"http:\/\/nevial.pl\/index.php\/en\/fences\/","og_site_name":"Nevial","article_modified_time":"2022-02-17T12:39:19+00:00","twitter_card":"summary_large_image","schema":{"@context":"https:\/\/schema.org","@graph":[{"@type":"WebSite","@id":"http:\/\/nevial.pl\/#website","url":"http:\/\/nevial.pl\/","name":"Nevial","description":"Strona Nevial","potentialAction":[{"@type":"SearchAction","target":{"@type":"EntryPoint","urlTemplate":"http:\/\/nevial.pl\/?s={search_term_string}"},"query-input":"required name=search_term_string"}],"inLanguage":"pl-PL"},{"@type":"WebPage","@id":"http:\/\/nevial.pl\/index.php\/en\/fences\/#webpage","url":"http:\/\/nevial.pl\/index.php\/en\/fences\/","name":"Fences - Nevial","isPartOf":{"@id":"http:\/\/nevial.pl\/#website"},"datePublished":"2022-02-17T12:39:06+00:00","dateModified":"2022-02-17T12:39:19+00:00","breadcrumb":{"@id":"http:\/\/nevial.pl\/index.php\/en\/fences\/#breadcrumb"},"inLanguage":"pl-PL","potentialAction":[{"@type":"ReadAction","target":["http:\/\/nevial.pl\/index.php\/en\/fences\/"]}]},{"@type":"BreadcrumbList","@id":"http:\/\/nevial.pl\/index.php\/en\/fences\/#breadcrumb","itemListElement":[{"@type":"ListItem","position":1,"name":"Home","item":"http:\/\/nevial.pl\/"},{"@type":"ListItem","position":2,"name":"Fences"}]}]}},"_links":{"self":[{"href":"http:\/\/nevial.pl\/index.php\/wp-json\/wp\/v2\/pages\/10523","targetHints":{"allow":["GET"]}}],"collection":[{"href":"http:\/\/nevial.pl\/index.php\/wp-json\/wp\/v2\/pages"}],"about":[{"href":"http:\/\/nevial.pl\/index.php\/wp-json\/wp\/v2\/types\/page"}],"author":[{"embeddable":true,"href":"http:\/\/nevial.pl\/index.php\/wp-json\/wp\/v2\/users\/2"}],"replies":[{"embeddable":true,"href":"http:\/\/nevial.pl\/index.php\/wp-json\/wp\/v2\/comments?post=10523"}],"version-history":[{"count":1,"href":"http:\/\/nevial.pl\/index.php\/wp-json\/wp\/v2\/pages\/10523\/revisions"}],"predecessor-version":[{"id":10524,"href":"http:\/\/nevial.pl\/index.php\/wp-json\/wp\/v2\/pages\/10523\/revisions\/10524"}],"wp:attachment":[{"href":"http:\/\/nevial.pl\/index.php\/wp-json\/wp\/v2\/media?parent=10523"}],"curies":[{"name":"wp","href":"https:\/\/api.w.org\/{rel}","templated":true}]}}