{"id":5479,"date":"2016-12-12T05:23:50","date_gmt":"2016-12-12T05:23:50","guid":{"rendered":"http:\/\/192.168.0.101\/user13\/wordpress\/Bigshopper_fullwidth\/?page_id=5479"},"modified":"2022-02-17T13:42:52","modified_gmt":"2022-02-17T12:42:52","slug":"lokalizacja-i-kontakt","status":"publish","type":"page","link":"http:\/\/nevial.pl\/index.php\/lokalizacja-i-kontakt\/","title":{"rendered":"Lokalizacja i kontakt"},"content":{"rendered":"<p>[vc_row css=&#8221;.vc_custom_1547036061051{margin-bottom: 30px !important;padding-top: 30px !important;background-color: #ffffff !important;}&#8221; el_class=&#8221;map-block&#8221;][vc_column][vc_row_inner css=&#8221;.vc_custom_1566193287137{padding-top: 30px !important;padding-right: 15px !important;padding-bottom: 30px !important;padding-left: 15px !important;}&#8221;][vc_column_inner width=&#8221;1\/2&#8243; css=&#8221;.vc_custom_1550552611718{padding-right: 10px !important;}&#8221;][vc_gmaps link=&#8221;#E-8_JTNDaWZyYW1lJTIwc3JjJTNEJTIyaHR0cHMlM0ElMkYlMkZ3d3cuZ29vZ2xlLmNvbSUyRm1hcHMlMkZlbWJlZCUzRnBiJTNEJTIxMW0xOCUyMTFtMTIlMjExbTMlMjExZDEyNTkuNjU0NTQ2ODI5MDYxNyUyMTJkMTkuMTgwOTg3OTkzODM5NDg0JTIxM2Q1MC44NDM5NjAyNjU4MzkwOCUyMTJtMyUyMTFmMCUyMTJmMCUyMTNmMCUyMTNtMiUyMTFpMTAyNCUyMTJpNzY4JTIxNGYxMy4xJTIxM20zJTIxMW0yJTIxMXMweDQ3MTBiNDdiNDkwYjUyMTElMjUzQTB4MWU5NjUwMDZhNzRlZDczYyUyMTJ6VXNTWlpIcHB4WVJ6YTJFZ056RXNJRFF5TFRJd09TQkRlc1NaYzNSdlkyaHZkMkUlMjE1ZTAlMjEzbTIlMjExc3BsJTIxMnNwbCUyMTR2MTY0NTA4NTk2MDIwMyUyMTVtMiUyMTFzcGwlMjEyc3BsJTIyJTIwd2lkdGglM0QlMjI2MDAlMjIlMjBoZWlnaHQlM0QlMjI0NTAlMjIlMjBzdHlsZSUzRCUyMmJvcmRlciUzQTAlM0IlMjIlMjBhbGxvd2Z1bGxzY3JlZW4lM0QlMjIlMjIlMjBsb2FkaW5nJTNEJTIybGF6eSUyMiUzRSUzQyUyRmlmcmFtZSUzRQ==&#8221; el_class=&#8221;google-map&#8221;][\/vc_column_inner][vc_column_inner width=&#8221;1\/2&#8243; css=&#8221;.vc_custom_1566450365664{padding-top: 3% !important;}&#8221;]<div class=\"address-container hb-animate-element right-to-left\"><div class=\"address-text first\"><div class=\"address-text-inner\"><div class=\"icon\"><i class=\"fa fa-map-marker\"><\/i><\/div> <div class=\"content\"><div class=\"address-label\">Adres<\/div>ul. R\u0119dzi\u0144ska 71, 42-200 Cz\u0119stochowa<\/div> <\/div><\/div><div class=\"address-text second\"><div class=\"address-text-inner\"><div class=\"icon\"><i class=\"fa fa-phone\"><\/i><\/div> <div class=\"content\"><div class=\"address-label\">Telefon<\/div>+48 575 790 037<\/div> <\/div><\/div><div class=\"address-text third\"><div class=\"address-text-inner\"><div class=\"icon\"><i class=\"fa fa-envelope \"><\/i><\/div> <div class=\"content\"><div class=\"address-label\">Email<\/div><a href=\"mailto:biuro@nevial.pl\">biuro@nevial.pl<\/a><p><\/p><\/div><\/div><\/div><\/div>[\/vc_column_inner][\/vc_row_inner][vc_row_inner css=&#8221;.vc_custom_1643990095768{margin-top: 30px !important;margin-bottom: 30px !important;}&#8221;][vc_column_inner css=&#8221;.vc_custom_1643989890664{padding-right: 15px !important;padding-left: 15px !important;}&#8221;][vc_column_text]<\/p>\n<h2 style=\"text-align: center;\">SKONTAKTUJ SI\u0118 Z NAMI<\/h2>\n<p>[\/vc_column_text][vc_column_text]<\/p>\n<p style=\"text-align: center;\">Dok\u0142adamy wszelkich stara\u0144, aby odpowiada\u0107 jak najszybciej<\/p>\n<p>[\/vc_column_text][\/vc_column_inner][\/vc_row_inner][vc_row_inner content_placement=&#8221;middle&#8221; el_class=&#8221;contact-form&#8221;][vc_column_inner css=&#8221;.vc_custom_1643988544919{padding-right: 15px !important;padding-left: 15px !important;}&#8221;]<div class=\"wpforms-container wpforms-container-full\" id=\"wpforms-10246\"><form id=\"wpforms-form-10246\" class=\"wpforms-validate wpforms-form wpforms-ajax-form\" data-formid=\"10246\" method=\"post\" enctype=\"multipart\/form-data\" action=\"\/index.php\/wp-json\/wp\/v2\/pages\/5479\" data-token=\"ef3c0792f046d0c56742ea7937d4e339\"><noscript class=\"wpforms-error-noscript\">Please enable JavaScript in your browser to complete this form.<\/noscript><div class=\"wpforms-field-container\"><div id=\"wpforms-10246-field_0-container\" class=\"wpforms-field wpforms-field-name\" data-field-id=\"0\"><label class=\"wpforms-field-label\" for=\"wpforms-10246-field_0\">Imi\u0119 <span class=\"wpforms-required-label\">*<\/span><\/label><input type=\"text\" id=\"wpforms-10246-field_0\" class=\"wpforms-field-medium wpforms-field-required\" name=\"wpforms[fields][0]\" placeholder=\"Wpisz swoje imi\u0119\" required><\/div><div id=\"wpforms-10246-field_4-container\" class=\"wpforms-field wpforms-field-name\" data-field-id=\"4\"><label class=\"wpforms-field-label\" for=\"wpforms-10246-field_4\">Nazwisko <span class=\"wpforms-required-label\">*<\/span><\/label><input type=\"text\" id=\"wpforms-10246-field_4\" class=\"wpforms-field-medium wpforms-field-required\" name=\"wpforms[fields][4]\" placeholder=\"Wpisz swoje nazwisko\" required><\/div><div id=\"wpforms-10246-field_7-container\" class=\"wpforms-field wpforms-field-text\" data-field-id=\"7\"><label class=\"wpforms-field-label\" for=\"wpforms-10246-field_7\">Telefon  <span class=\"wpforms-required-label\">*<\/span><\/label><input type=\"text\" id=\"wpforms-10246-field_7\" class=\"wpforms-field-medium wpforms-field-required\" name=\"wpforms[fields][7]\" placeholder=\"Wpisz numer kontaktowy\" required><\/div><div id=\"wpforms-10246-field_1-container\" class=\"wpforms-field wpforms-field-email\" data-field-id=\"1\"><label class=\"wpforms-field-label\" for=\"wpforms-10246-field_1\">Email <span class=\"wpforms-required-label\">*<\/span><\/label><input type=\"email\" id=\"wpforms-10246-field_1\" class=\"wpforms-field-medium wpforms-field-required\" name=\"wpforms[fields][1]\" placeholder=\"Wpisz sw\u00f3j email\" required><\/div><div id=\"wpforms-10246-field_8-container\" class=\"wpforms-field wpforms-field-text\" data-field-id=\"8\"><label class=\"wpforms-field-label\" for=\"wpforms-10246-field_8\">Temat wiadomo\u015bci <span class=\"wpforms-required-label\">*<\/span><\/label><input type=\"text\" id=\"wpforms-10246-field_8\" class=\"wpforms-field-medium wpforms-field-required\" name=\"wpforms[fields][8]\" placeholder=\"Wpisz temat wiadomo\u015bci\" required><\/div><div id=\"wpforms-10246-field_2-container\" class=\"wpforms-field wpforms-field-textarea\" data-field-id=\"2\"><label class=\"wpforms-field-label\" for=\"wpforms-10246-field_2\">Tre\u015b\u0107 wiadomo\u015bci <span class=\"wpforms-required-label\">*<\/span><\/label><textarea id=\"wpforms-10246-field_2\" class=\"wpforms-field-medium wpforms-field-required\" name=\"wpforms[fields][2]\" placeholder=\"Tutaj wpisz tre\u015b\u0107 wiadomo\u015bci\" required><\/textarea><\/div><\/div><div class=\"wpforms-submit-container\"><input type=\"hidden\" name=\"wpforms[id]\" value=\"10246\"><input type=\"hidden\" name=\"wpforms[author]\" value=\"1\"><button type=\"submit\" name=\"wpforms[submit]\" id=\"wpforms-submit-10246\" class=\"wpforms-submit\" data-alt-text=\"Wysy\u0142anie\" data-submit-text=\"Wy\u015blij\" aria-live=\"assertive\" value=\"wpforms-submit\">Wy\u015blij<\/button><img loading=\"lazy\" decoding=\"async\" src=\"http:\/\/nevial.pl\/wp-content\/plugins\/wpforms-lite\/assets\/images\/submit-spin.svg\" class=\"wpforms-submit-spinner\" style=\"display: none;\" width=\"26\" height=\"26\" alt=\"\"><\/div><\/form><\/div>  <!-- .wpforms-container -->[\/vc_column_inner][\/vc_row_inner][\/vc_column][\/vc_row]<\/p>\n","protected":false},"excerpt":{"rendered":"<p>[vc_row css=&#8221;.vc_custom_1547036061051{margin-bottom: 30px !important;padding-top: 30px !important;background-color: #ffffff !important;}&#8221; el_class=&#8221;map-block&#8221;][vc_column][vc_row_inner css=&#8221;.vc_custom_1566193287137{padding-top: 30px !important;padding-right: 15px !important;padding-bottom: 30px !important;padding-left: 15px !important;}&#8221;][vc_column_inner width=&#8221;1\/2&#8243; css=&#8221;.vc_custom_1550552611718{padding-right: 10px !important;}&#8221;][vc_gmaps link=&#8221;#E-8_JTNDaWZyYW1lJTIwc3JjJTNEJTIyaHR0cHMlM0ElMkYlMkZ3d3cuZ29vZ2xlLmNvbSUyRm1hcHMlMkZlbWJlZCUzRnBiJTNEJTIxMW0xOCUyMTFtMTIlMjExbTMlMjExZDEyNTkuNjU0NTQ2ODI5MDYxNyUyMTJkMTkuMTgwOTg3OTkzODM5NDg0JTIxM2Q1MC44NDM5NjAyNjU4MzkwOCUyMTJtMyUyMTFmMCUyMTJmMCUyMTNmMCUyMTNtMiUyMTFpMTAyNCUyMTJpNzY4JTIxNGYxMy4xJTIxM20zJTIxMW0yJTIxMXMweDQ3MTBiNDdiNDkwYjUyMTElMjUzQTB4MWU5NjUwMDZhNzRlZDczYyUyMTJ6VXNTWlpIcHB4WVJ6YTJFZ056RXNJRFF5TFRJd09TQkRlc1NaYzNSdlkyaHZkMkUlMjE1ZTAlMjEzbTIlMjExc3BsJTIxMnNwbCUyMTR2MTY0NTA4NTk2MDIwMyUyMTVtMiUyMTFzcGwlMjEyc3BsJTIyJTIwd2lkdGglM0QlMjI2MDAlMjIlMjBoZWlnaHQlM0QlMjI0NTAlMjIlMjBzdHlsZSUzRCUyMmJvcmRlciUzQTAlM0IlMjIlMjBhbGxvd2Z1bGxzY3JlZW4lM0QlMjIlMjIlMjBsb2FkaW5nJTNEJTIybGF6eSUyMiUzRSUzQyUyRmlmcmFtZSUzRQ==&#8221; el_class=&#8221;google-map&#8221;][\/vc_column_inner][vc_column_inner width=&#8221;1\/2&#8243; css=&#8221;.vc_custom_1566450365664{padding-top: 3% !important;}&#8221;][\/vc_column_inner][\/vc_row_inner][vc_row_inner css=&#8221;.vc_custom_1643990095768{margin-top: 30px !important;margin-bottom: 30px !important;}&#8221;][vc_column_inner css=&#8221;.vc_custom_1643989890664{padding-right: 15px !important;padding-left: 15px !important;}&#8221;][vc_column_text] SKONTAKTUJ SI\u0118 Z NAMI [\/vc_column_text][vc_column_text] Dok\u0142adamy wszelkich stara\u0144, aby odpowiada\u0107 jak najszybciej [\/vc_column_text][\/vc_column_inner][\/vc_row_inner][vc_row_inner content_placement=&#8221;middle&#8221; el_class=&#8221;contact-form&#8221;][vc_column_inner css=&#8221;.vc_custom_1643988544919{padding-right: 15px [&hellip;]<\/p>\n","protected":false},"author":1,"featured_media":0,"parent":0,"menu_order":0,"comment_status":"closed","ping_status":"closed","template":"","meta":{"_monsterinsights_skip_tracking":false,"_monsterinsights_sitenote_active":false,"_monsterinsights_sitenote_note":"","_monsterinsights_sitenote_category":0,"footnotes":""},"class_list":["post-5479","page","type-page","status-publish","hentry"],"yoast_head":"<!-- This site is optimized with the Yoast SEO plugin v18.0 - https:\/\/yoast.com\/wordpress\/plugins\/seo\/ -->\n<title>Lokalizacja i kontakt - Nevial<\/title>\n<meta name=\"robots\" content=\"noindex, follow, max-snippet:-1, max-image-preview:large, max-video-preview:-1\" \/>\n<meta property=\"og:locale\" content=\"pl_PL\" \/>\n<meta property=\"og:type\" content=\"article\" \/>\n<meta property=\"og:title\" content=\"Lokalizacja i kontakt - Nevial\" \/>\n<meta property=\"og:description\" content=\"[vc_row css=&#8221;.vc_custom_1547036061051{margin-bottom: 30px !important;padding-top: 30px !important;background-color: #ffffff !important;}&#8221; el_class=&#8221;map-block&#8221;][vc_column][vc_row_inner css=&#8221;.vc_custom_1566193287137{padding-top: 30px !important;padding-right: 15px !important;padding-bottom: 30px !important;padding-left: 15px !important;}&#8221;][vc_column_inner width=&#8221;1\/2&#8243; css=&#8221;.vc_custom_1550552611718{padding-right: 10px !important;}&#8221;][vc_gmaps link=&#8221;#E-8_JTNDaWZyYW1lJTIwc3JjJTNEJTIyaHR0cHMlM0ElMkYlMkZ3d3cuZ29vZ2xlLmNvbSUyRm1hcHMlMkZlbWJlZCUzRnBiJTNEJTIxMW0xOCUyMTFtMTIlMjExbTMlMjExZDEyNTkuNjU0NTQ2ODI5MDYxNyUyMTJkMTkuMTgwOTg3OTkzODM5NDg0JTIxM2Q1MC44NDM5NjAyNjU4MzkwOCUyMTJtMyUyMTFmMCUyMTJmMCUyMTNmMCUyMTNtMiUyMTFpMTAyNCUyMTJpNzY4JTIxNGYxMy4xJTIxM20zJTIxMW0yJTIxMXMweDQ3MTBiNDdiNDkwYjUyMTElMjUzQTB4MWU5NjUwMDZhNzRlZDczYyUyMTJ6VXNTWlpIcHB4WVJ6YTJFZ056RXNJRFF5TFRJd09TQkRlc1NaYzNSdlkyaHZkMkUlMjE1ZTAlMjEzbTIlMjExc3BsJTIxMnNwbCUyMTR2MTY0NTA4NTk2MDIwMyUyMTVtMiUyMTFzcGwlMjEyc3BsJTIyJTIwd2lkdGglM0QlMjI2MDAlMjIlMjBoZWlnaHQlM0QlMjI0NTAlMjIlMjBzdHlsZSUzRCUyMmJvcmRlciUzQTAlM0IlMjIlMjBhbGxvd2Z1bGxzY3JlZW4lM0QlMjIlMjIlMjBsb2FkaW5nJTNEJTIybGF6eSUyMiUzRSUzQyUyRmlmcmFtZSUzRQ==&#8221; el_class=&#8221;google-map&#8221;][\/vc_column_inner][vc_column_inner width=&#8221;1\/2&#8243; css=&#8221;.vc_custom_1566450365664{padding-top: 3% !important;}&#8221;][\/vc_column_inner][\/vc_row_inner][vc_row_inner css=&#8221;.vc_custom_1643990095768{margin-top: 30px !important;margin-bottom: 30px !important;}&#8221;][vc_column_inner css=&#8221;.vc_custom_1643989890664{padding-right: 15px !important;padding-left: 15px !important;}&#8221;][vc_column_text] SKONTAKTUJ SI\u0118 Z NAMI [\/vc_column_text][vc_column_text] Dok\u0142adamy wszelkich stara\u0144, aby odpowiada\u0107 jak najszybciej [\/vc_column_text][\/vc_column_inner][\/vc_row_inner][vc_row_inner content_placement=&#8221;middle&#8221; el_class=&#8221;contact-form&#8221;][vc_column_inner css=&#8221;.vc_custom_1643988544919{padding-right: 15px [&hellip;]\" \/>\n<meta property=\"og:url\" content=\"http:\/\/nevial.pl\/index.php\/lokalizacja-i-kontakt\/\" \/>\n<meta property=\"og:site_name\" content=\"Nevial\" \/>\n<meta property=\"article:modified_time\" content=\"2022-02-17T12:42:52+00:00\" \/>\n<meta name=\"twitter:card\" content=\"summary_large_image\" \/>\n<meta name=\"twitter:label1\" content=\"Szacowany czas czytania\" \/>\n\t<meta name=\"twitter:data1\" content=\"1 minuta\" \/>\n<script type=\"application\/ld+json\" class=\"yoast-schema-graph\">{\"@context\":\"https:\/\/schema.org\",\"@graph\":[{\"@type\":\"WebSite\",\"@id\":\"http:\/\/nevial.pl\/#website\",\"url\":\"http:\/\/nevial.pl\/\",\"name\":\"Nevial\",\"description\":\"Strona Nevial\",\"potentialAction\":[{\"@type\":\"SearchAction\",\"target\":{\"@type\":\"EntryPoint\",\"urlTemplate\":\"http:\/\/nevial.pl\/?s={search_term_string}\"},\"query-input\":\"required name=search_term_string\"}],\"inLanguage\":\"pl-PL\"},{\"@type\":\"WebPage\",\"@id\":\"http:\/\/nevial.pl\/index.php\/lokalizacja-i-kontakt\/#webpage\",\"url\":\"http:\/\/nevial.pl\/index.php\/lokalizacja-i-kontakt\/\",\"name\":\"Lokalizacja i kontakt - Nevial\",\"isPartOf\":{\"@id\":\"http:\/\/nevial.pl\/#website\"},\"datePublished\":\"2016-12-12T05:23:50+00:00\",\"dateModified\":\"2022-02-17T12:42:52+00:00\",\"breadcrumb\":{\"@id\":\"http:\/\/nevial.pl\/index.php\/lokalizacja-i-kontakt\/#breadcrumb\"},\"inLanguage\":\"pl-PL\",\"potentialAction\":[{\"@type\":\"ReadAction\",\"target\":[\"http:\/\/nevial.pl\/index.php\/lokalizacja-i-kontakt\/\"]}]},{\"@type\":\"BreadcrumbList\",\"@id\":\"http:\/\/nevial.pl\/index.php\/lokalizacja-i-kontakt\/#breadcrumb\",\"itemListElement\":[{\"@type\":\"ListItem\",\"position\":1,\"name\":\"Home\",\"item\":\"http:\/\/nevial.pl\/\"},{\"@type\":\"ListItem\",\"position\":2,\"name\":\"Lokalizacja i kontakt\"}]}]}<\/script>\n<!-- \/ Yoast SEO plugin. -->","yoast_head_json":{"title":"Lokalizacja i kontakt - Nevial","robots":{"index":"noindex","follow":"follow","max-snippet":"max-snippet:-1","max-image-preview":"max-image-preview:large","max-video-preview":"max-video-preview:-1"},"og_locale":"pl_PL","og_type":"article","og_title":"Lokalizacja i kontakt - Nevial","og_description":"[vc_row css=&#8221;.vc_custom_1547036061051{margin-bottom: 30px !important;padding-top: 30px !important;background-color: #ffffff !important;}&#8221; el_class=&#8221;map-block&#8221;][vc_column][vc_row_inner css=&#8221;.vc_custom_1566193287137{padding-top: 30px !important;padding-right: 15px !important;padding-bottom: 30px !important;padding-left: 15px !important;}&#8221;][vc_column_inner width=&#8221;1\/2&#8243; css=&#8221;.vc_custom_1550552611718{padding-right: 10px !important;}&#8221;][vc_gmaps link=&#8221;#E-8_JTNDaWZyYW1lJTIwc3JjJTNEJTIyaHR0cHMlM0ElMkYlMkZ3d3cuZ29vZ2xlLmNvbSUyRm1hcHMlMkZlbWJlZCUzRnBiJTNEJTIxMW0xOCUyMTFtMTIlMjExbTMlMjExZDEyNTkuNjU0NTQ2ODI5MDYxNyUyMTJkMTkuMTgwOTg3OTkzODM5NDg0JTIxM2Q1MC44NDM5NjAyNjU4MzkwOCUyMTJtMyUyMTFmMCUyMTJmMCUyMTNmMCUyMTNtMiUyMTFpMTAyNCUyMTJpNzY4JTIxNGYxMy4xJTIxM20zJTIxMW0yJTIxMXMweDQ3MTBiNDdiNDkwYjUyMTElMjUzQTB4MWU5NjUwMDZhNzRlZDczYyUyMTJ6VXNTWlpIcHB4WVJ6YTJFZ056RXNJRFF5TFRJd09TQkRlc1NaYzNSdlkyaHZkMkUlMjE1ZTAlMjEzbTIlMjExc3BsJTIxMnNwbCUyMTR2MTY0NTA4NTk2MDIwMyUyMTVtMiUyMTFzcGwlMjEyc3BsJTIyJTIwd2lkdGglM0QlMjI2MDAlMjIlMjBoZWlnaHQlM0QlMjI0NTAlMjIlMjBzdHlsZSUzRCUyMmJvcmRlciUzQTAlM0IlMjIlMjBhbGxvd2Z1bGxzY3JlZW4lM0QlMjIlMjIlMjBsb2FkaW5nJTNEJTIybGF6eSUyMiUzRSUzQyUyRmlmcmFtZSUzRQ==&#8221; el_class=&#8221;google-map&#8221;][\/vc_column_inner][vc_column_inner width=&#8221;1\/2&#8243; css=&#8221;.vc_custom_1566450365664{padding-top: 3% !important;}&#8221;][\/vc_column_inner][\/vc_row_inner][vc_row_inner css=&#8221;.vc_custom_1643990095768{margin-top: 30px !important;margin-bottom: 30px !important;}&#8221;][vc_column_inner css=&#8221;.vc_custom_1643989890664{padding-right: 15px !important;padding-left: 15px !important;}&#8221;][vc_column_text] SKONTAKTUJ SI\u0118 Z NAMI [\/vc_column_text][vc_column_text] Dok\u0142adamy wszelkich stara\u0144, aby odpowiada\u0107 jak najszybciej [\/vc_column_text][\/vc_column_inner][\/vc_row_inner][vc_row_inner content_placement=&#8221;middle&#8221; el_class=&#8221;contact-form&#8221;][vc_column_inner css=&#8221;.vc_custom_1643988544919{padding-right: 15px [&hellip;]","og_url":"http:\/\/nevial.pl\/index.php\/lokalizacja-i-kontakt\/","og_site_name":"Nevial","article_modified_time":"2022-02-17T12:42:52+00:00","twitter_card":"summary_large_image","twitter_misc":{"Szacowany czas czytania":"1 minuta"},"schema":{"@context":"https:\/\/schema.org","@graph":[{"@type":"WebSite","@id":"http:\/\/nevial.pl\/#website","url":"http:\/\/nevial.pl\/","name":"Nevial","description":"Strona Nevial","potentialAction":[{"@type":"SearchAction","target":{"@type":"EntryPoint","urlTemplate":"http:\/\/nevial.pl\/?s={search_term_string}"},"query-input":"required name=search_term_string"}],"inLanguage":"pl-PL"},{"@type":"WebPage","@id":"http:\/\/nevial.pl\/index.php\/lokalizacja-i-kontakt\/#webpage","url":"http:\/\/nevial.pl\/index.php\/lokalizacja-i-kontakt\/","name":"Lokalizacja i kontakt - Nevial","isPartOf":{"@id":"http:\/\/nevial.pl\/#website"},"datePublished":"2016-12-12T05:23:50+00:00","dateModified":"2022-02-17T12:42:52+00:00","breadcrumb":{"@id":"http:\/\/nevial.pl\/index.php\/lokalizacja-i-kontakt\/#breadcrumb"},"inLanguage":"pl-PL","potentialAction":[{"@type":"ReadAction","target":["http:\/\/nevial.pl\/index.php\/lokalizacja-i-kontakt\/"]}]},{"@type":"BreadcrumbList","@id":"http:\/\/nevial.pl\/index.php\/lokalizacja-i-kontakt\/#breadcrumb","itemListElement":[{"@type":"ListItem","position":1,"name":"Home","item":"http:\/\/nevial.pl\/"},{"@type":"ListItem","position":2,"name":"Lokalizacja i kontakt"}]}]}},"_links":{"self":[{"href":"http:\/\/nevial.pl\/index.php\/wp-json\/wp\/v2\/pages\/5479","targetHints":{"allow":["GET"]}}],"collection":[{"href":"http:\/\/nevial.pl\/index.php\/wp-json\/wp\/v2\/pages"}],"about":[{"href":"http:\/\/nevial.pl\/index.php\/wp-json\/wp\/v2\/types\/page"}],"author":[{"embeddable":true,"href":"http:\/\/nevial.pl\/index.php\/wp-json\/wp\/v2\/users\/1"}],"replies":[{"embeddable":true,"href":"http:\/\/nevial.pl\/index.php\/wp-json\/wp\/v2\/comments?post=5479"}],"version-history":[{"count":19,"href":"http:\/\/nevial.pl\/index.php\/wp-json\/wp\/v2\/pages\/5479\/revisions"}],"predecessor-version":[{"id":10429,"href":"http:\/\/nevial.pl\/index.php\/wp-json\/wp\/v2\/pages\/5479\/revisions\/10429"}],"wp:attachment":[{"href":"http:\/\/nevial.pl\/index.php\/wp-json\/wp\/v2\/media?parent=5479"}],"curies":[{"name":"wp","href":"https:\/\/api.w.org\/{rel}","templated":true}]}}